{"id":119,"date":"2023-04-19T08:59:57","date_gmt":"2023-04-19T08:59:57","guid":{"rendered":"https:\/\/www.sbossart.ch\/thereselechattrio\/?page_id=119"},"modified":"2025-06-17T21:32:31","modified_gmt":"2025-06-17T21:32:31","slug":"start","status":"publish","type":"page","link":"https:\/\/www.therese-music.ch\/","title":{"rendered":""},"content":{"rendered":"<figure style=\"margin-bottom:var(--wp--custom--spacing--medium, 6rem);\" class=\"alignwide wp-block-post-featured-image\"><img loading=\"lazy\" decoding=\"async\" width=\"2500\" height=\"1667\" src=\"https:\/\/www.therese-music.ch\/wp-content\/uploads\/2023\/09\/M4_0639_Therese_byNicolasSpuehler_LOW.jpg\" class=\"attachment-post-thumbnail size-post-thumbnail wp-post-image\" alt=\"\" style=\"object-fit:cover;\" srcset=\"https:\/\/www.therese-music.ch\/wp-content\/uploads\/2023\/09\/M4_0639_Therese_byNicolasSpuehler_LOW.jpg 2500w, https:\/\/www.therese-music.ch\/wp-content\/uploads\/2023\/09\/M4_0639_Therese_byNicolasSpuehler_LOW-300x200.jpg 300w, https:\/\/www.therese-music.ch\/wp-content\/uploads\/2023\/09\/M4_0639_Therese_byNicolasSpuehler_LOW-1024x683.jpg 1024w, https:\/\/www.therese-music.ch\/wp-content\/uploads\/2023\/09\/M4_0639_Therese_byNicolasSpuehler_LOW-768x512.jpg 768w, https:\/\/www.therese-music.ch\/wp-content\/uploads\/2023\/09\/M4_0639_Therese_byNicolasSpuehler_LOW-1536x1024.jpg 1536w, https:\/\/www.therese-music.ch\/wp-content\/uploads\/2023\/09\/M4_0639_Therese_byNicolasSpuehler_LOW-2048x1366.jpg 2048w\" sizes=\"auto, (max-width: 2500px) 100vw, 2500px\" \/><\/figure>\n\n\n<p class=\"has-background-color has-text-color\">..<\/p>\n\n\n\n<div class=\"wp-block-columns alignwide has-tertiary-background-color has-background is-layout-flex wp-container-core-columns-is-layout-28f84493 wp-block-columns-is-layout-flex\">\n<div class=\"wp-block-column is-layout-flow wp-block-column-is-layout-flow\" style=\"flex-basis:50%\">\n<div class=\"wp-block-group is-content-justification-center is-layout-constrained wp-block-group-is-layout-constrained\">\n<div class=\"wp-block-columns is-layout-flex wp-container-core-columns-is-layout-28f84493 wp-block-columns-is-layout-flex\">\n<div class=\"wp-block-column is-layout-flow wp-block-column-is-layout-flow\" style=\"flex-basis:100%\">\n<p class=\"has-vivid-red-color has-text-color has-x-large-font-size\"><strong>\u00abLuftschiff\u00bb out now! <\/strong><\/p>\n\n\n\n<p class=\"has-foreground-color has-text-color\"><strong>Tres heureux d&#8217;annoncer que notre album Luftschiff est sortie! Il est maintenant disponible <a rel=\"noreferrer noopener\" href=\"https:\/\/therese-music.bandcamp.com\/album\/luftschiff\" data-type=\"link\" data-id=\"https:\/\/therese-music.bandcamp.com\/album\/luftschiff\" target=\"_blank\">en ligne et en CD!<\/a><\/strong><br><br><em>Un voyage \u00e0 travers l\u2019espace. On flotte dans les airs, on voit les paysages d\u2019en-haut. Les histoires se racontent au gr\u00e9 des vents. Temp\u00eates inattendues. En bord de rivi\u00e8re, la for\u00eat cr\u00e9e des espaces de calme. La lumi\u00e8re s\u2019\u00e9tale. On se laisse porter par les courants, on observe les couleurs du ciel au fil du temps.<\/em><\/p>\n\n\n\n<p><\/p>\n\n\n\n<p class=\"has-foreground-color has-text-color\"><strong>Unser Album Luftschiff ist erschienen und ab sofort <a rel=\"noreferrer noopener\" href=\"https:\/\/therese-music.bandcamp.com\/album\/luftschiff\" data-type=\"link\" data-id=\"https:\/\/therese-music.bandcamp.com\/album\/luftschiff\" target=\"_blank\">online und auf CD erh\u00e4ltlich!<\/a> <\/strong><br><br><em>Eine Reise durch den Weltraum. In der Luft schweben, die Landschaft von oben betrachten. Geschichten, vom Wind erz\u00e4hlt. Unerwartete St\u00fcrme. Am Ufer des Flusses l\u00e4sst der Wald R\u00e4ume der Stille entstehen. Licht. In der Str\u00f6mung treiben und beobachten, wie sich der Himmel im Laufe der Zeit verf\u00e4rbt\u2026<\/em><\/p>\n\n\n\n<p class=\"has-small-font-size\">Avec le soutien de \/ Mit Unterst\u00fctzung von: <br>Verein S\u00fcdkultur, Commune Collex-Bossy, Gesellschaft zu Ober-Gerwern, Gesellschaft zu Schuhmachern, Fondation Urlicht.<\/p>\n<\/div>\n<\/div>\n<\/div>\n<\/div>\n\n\n\n<div class=\"wp-block-column is-vertically-aligned-bottom is-layout-flow wp-block-column-is-layout-flow\" style=\"flex-basis:50%\">\n<iframe style=\"border: 0; width: 100%; height: 853px;\" src=\"https:\/\/bandcamp.com\/EmbeddedPlayer\/album=3939124830\/size=large\/bgcol=ffffff\/linkcol=0687f5\/package=3272440441\/transparent=true\/\" seamless><a href=\"https:\/\/therese-music.bandcamp.com\/album\/luftschiff\">Luftschiff by Th\u00e9r\u00e8se<\/a><\/iframe>\n<\/div>\n<\/div>\n\n\n\n<p class=\"has-background-background-color has-background\"><\/p>\n\n\n\n<h2 class=\"wp-block-heading alignwide has-foreground-color has-text-color\" id=\"band\" style=\"text-transform:none\"><strong>Band<\/strong><\/h2>\n\n\n\n<div class=\"wp-block-columns alignwide is-layout-flex wp-container-core-columns-is-layout-28f84493 wp-block-columns-is-layout-flex\">\n<div class=\"wp-block-column is-layout-flow wp-block-column-is-layout-flow\" style=\"flex-basis:66.66%\">\n<div class=\"wp-block-group is-content-justification-center is-layout-constrained wp-block-group-is-layout-constrained\">\n<div class=\"wp-block-columns is-layout-flex wp-container-core-columns-is-layout-28f84493 wp-block-columns-is-layout-flex\">\n<div class=\"wp-block-column is-layout-flow wp-block-column-is-layout-flow\" style=\"flex-basis:100%\">\n<p>FR \/\/ La musique est faite d\u2019amour. D\u2019amour, d\u2019amiti\u00e9 et d\u2019humilit\u00e9. Th\u00e9r\u00e8se est n\u00e9 d\u2019une intuition commune au sein de cette atmosph\u00e8re. Amour de la musique sous toutes ses formes, styles et approches ; amiti\u00e9, qui lie les musiciens qui ont compris que la pratique musicale se d\u00e9passe elle-m\u00eame et d\u00e9borde sur nos vies pour les enrichir. Et humilit\u00e9, sans laquelle toute la fragilit\u00e9, la beaut\u00e9 et la g\u00e9n\u00e9rosit\u00e9 d\u2019un art ne peuvent s\u2019envoler vers son public.<\/p>\n<\/div>\n<\/div>\n<\/div>\n\n\n\n<p>DE \/\/ Musik entsteht aus Liebe. Aus Liebe, Freundschaft und Demut. Th\u00e9r\u00e8se entstand aus einer gemeinsamen Intuition, aus einem stillschweigenden Verst\u00e4ndnis dieser Atmosph\u00e4re. Liebe zur Musik in all ihren Formen, Stilen und Herangehensweisen; Freundschaft, die die Musizierenden verbindet, die verstanden haben, dass die musikalische Praxis \u00fcber sich selbst hinausgeht und auf unser Leben \u00fcbergreift, um es zu bereichern. Und Demut, ohne die die ganze Zerbrechlichkeit, Sch\u00f6nheit und Grossz\u00fcgigkeit einer Kunst nicht zu ihrem Publikum fliessen kann.<\/p>\n<\/div>\n\n\n\n<div class=\"wp-block-column is-layout-flow wp-block-column-is-layout-flow\" style=\"flex-basis:33.33%\">\n<h6 class=\"wp-block-heading\" id=\"block-36fab743-9e16-4620-b07f-fc49bf38af14\" style=\"text-transform:none\"><strong>Sonja Bossart \u2013 Basse \u00e9lectrique<br>Timoth\u00e9e Giddey \u2013 Saxophone t\u00e9nor<br>Laurent Flumet \u2013 Piano<\/strong><\/h6>\n<\/div>\n<\/div>\n\n\n\n<p class=\"has-background-background-color has-background\"><\/p>\n\n\n\n<h2 class=\"wp-block-heading alignwide has-foreground-color has-text-color\" id=\"music\"><strong>Music<\/strong><\/h2>\n\n\n\n<div class=\"wp-block-columns alignwide is-layout-flex wp-container-core-columns-is-layout-28f84493 wp-block-columns-is-layout-flex\">\n<div class=\"wp-block-column is-layout-flow wp-block-column-is-layout-flow\" style=\"padding-top:0;padding-right:0;padding-bottom:0;padding-left:0;flex-basis:33.33%\">\n<p>Unsere erste EP \u00abTh\u00e9r\u00e8se Lechat Trio\u00bb erschien 2019 und kann physisch per <a rel=\"noreferrer noopener\" href=\"mailto:therese-music@outlook.com\" data-type=\"mailto\" data-id=\"mailto:therese-music@outlook.com\" target=\"_blank\">Mail<\/a> bestellt werden oder auf <a rel=\"noreferrer noopener\" href=\"https:\/\/therese-music.bandcamp.com\/album\/th-r-se-lechat-trio\" data-type=\"URL\" data-id=\"https:\/\/therese-music.bandcamp.com\/album\/th-r-se-lechat-trio\" target=\"_blank\">Bandcamp<\/a> geh\u00f6rt oder gekauft werden.<br><br>Notre EP \u00abTh\u00e9r\u00e8se Lechat Trio\u00bb est sorti en 2019 et peut \u00eatre command\u00e9 par <a rel=\"noreferrer noopener\" href=\"mailto:therese-music@outlook.com\" data-type=\"mailto\" data-id=\"mailto:therese-music@outlook.com\" target=\"_blank\">Mail<\/a> ou \u00e9cout\u00e9 sur <a href=\"https:\/\/therese-music.bandcamp.com\/album\/th-r-se-lechat-trio\" data-type=\"URL\" data-id=\"https:\/\/therese-music.bandcamp.com\/album\/th-r-se-lechat-trio\" target=\"_blank\" rel=\"noreferrer noopener\">Bandcamp<\/a>.<\/p>\n\n\n\n<p><\/p>\n<\/div>\n\n\n\n<div class=\"wp-block-column is-layout-flow wp-block-column-is-layout-flow\" style=\"padding-top:0;padding-right:0;padding-bottom:0;padding-left:0;flex-basis:66.66%\">\n<p><iframe style=\"border: 0; width: 100%; height: 274px;\" src=\"https:\/\/bandcamp.com\/EmbeddedPlayer\/album=2131126489\/size=large\/bgcol=ffffff\/linkcol=333333\/artwork=none\/transparent=true\/\" seamless><a href=\"https:\/\/therese-lechat-trio.bandcamp.com\/album\/th-r-se-lechat-trio\">Th\u00e9r\u00e8se Lechat Trio by Th\u00e9r\u00e8se Lechat Trio<\/a><\/iframe><\/p>\n<\/div>\n<\/div>\n\n\n\n<div class=\"wp-block-columns alignwide is-layout-flex wp-container-core-columns-is-layout-28f84493 wp-block-columns-is-layout-flex\">\n<div class=\"wp-block-column is-layout-flow wp-block-column-is-layout-flow\">\n<figure class=\"wp-block-embed is-type-video is-provider-youtube wp-block-embed-youtube wp-embed-aspect-16-9 wp-has-aspect-ratio\"><div class=\"wp-block-embed__wrapper\">\n<iframe loading=\"lazy\" title=\"Th\u00e9r\u00e8se \u2013 Je vois les flocons tomber\" width=\"500\" height=\"281\" src=\"https:\/\/www.youtube.com\/embed\/LtF9B7cfyKU?feature=oembed\" frameborder=\"0\" allow=\"accelerometer; autoplay; clipboard-write; encrypted-media; gyroscope; picture-in-picture; web-share\" referrerpolicy=\"strict-origin-when-cross-origin\" allowfullscreen><\/iframe>\n<\/div><\/figure>\n<\/div>\n\n\n\n<div class=\"wp-block-column is-layout-flow wp-block-column-is-layout-flow\">\n<figure class=\"wp-block-embed is-type-video is-provider-youtube wp-block-embed-youtube wp-embed-aspect-16-9 wp-has-aspect-ratio\"><div class=\"wp-block-embed__wrapper\">\n<iframe loading=\"lazy\" title=\"The\u0301re\u0300se TEASER\" width=\"500\" height=\"281\" src=\"https:\/\/www.youtube.com\/embed\/mRU_7tgD-1E?feature=oembed\" frameborder=\"0\" allow=\"accelerometer; autoplay; clipboard-write; encrypted-media; gyroscope; picture-in-picture; web-share\" referrerpolicy=\"strict-origin-when-cross-origin\" allowfullscreen><\/iframe>\n<\/div><\/figure>\n<\/div>\n<\/div>\n\n\n\n<div class=\"wp-block-columns is-layout-flex wp-container-core-columns-is-layout-28f84493 wp-block-columns-is-layout-flex\">\n<div class=\"wp-block-column is-layout-flow wp-block-column-is-layout-flow\" style=\"flex-basis:100%\">\n<div class=\"wp-block-columns is-layout-flex wp-container-core-columns-is-layout-28f84493 wp-block-columns-is-layout-flex\">\n<div class=\"wp-block-column is-layout-flow wp-block-column-is-layout-flow\" style=\"flex-basis:100%\">\n<p class=\"has-background-background-color has-background\"><\/p>\n<\/div>\n<\/div>\n<\/div>\n<\/div>\n\n\n\n<div class=\"wp-block-group alignfull has-foreground-color has-text-color has-link-color wp-elements-e67fd07b90ec27929b91d40b3c5af389 is-layout-flow wp-container-core-group-is-layout-cd3b98ac wp-block-group-is-layout-flow\" style=\"padding-top:0px;padding-right:0px;padding-bottom:0px;padding-left:0px\">\n<div class=\"wp-block-columns is-layout-flex wp-container-core-columns-is-layout-d7d455e7 wp-block-columns-is-layout-flex\" style=\"border-style:none;border-width:0px;padding-top:0;padding-right:0;padding-bottom:0;padding-left:0\">\n<div class=\"wp-block-column is-layout-flow wp-block-column-is-layout-flow\" style=\"flex-basis:100%\">\n<div class=\"wp-block-group alignfull is-layout-constrained wp-block-group-is-layout-constrained\">\n<div style=\"height:0px\" aria-hidden=\"true\" class=\"wp-block-spacer\"><\/div>\n\n\n\n<h2 class=\"wp-block-heading alignwide\" id=\"concerts\"><strong>Concerts<\/strong><\/h2>\n\n\n\n<hr class=\"wp-block-separator has-text-color has-foreground-color has-alpha-channel-opacity has-foreground-background-color has-background alignwide is-style-wide\"\/>\n\n\n\n<div class=\"wp-block-columns alignwide is-layout-flex wp-container-core-columns-is-layout-28f84493 wp-block-columns-is-layout-flex\">\n<div class=\"wp-block-column is-vertically-aligned-center has-foreground-color has-text-color is-layout-flow wp-block-column-is-layout-flow\" style=\"flex-basis:210px\">\n<p>13.11.2025<\/p>\n<\/div>\n\n\n\n<div class=\"wp-block-column is-vertically-aligned-center has-foreground-color has-text-color is-layout-flow wp-block-column-is-layout-flow\">\n<h2 class=\"wp-block-heading has-foreground-color has-text-color has-link-color has-x-large-font-size wp-elements-cbbcccf983f7215a879f67d48af94931\" id=\"jesus-rodriguez\"><a href=\"https:\/\/www.kulturhaus-oberestube.ch\/de\/veranstaltungen.html\" data-type=\"link\" data-id=\"https:\/\/www.kulturhaus-oberestube.ch\/de\/veranstaltungen.html\" target=\"_blank\" rel=\"noreferrer noopener\">Kulturhaus Obere Stube<\/a><\/h2>\n<\/div>\n\n\n\n<div class=\"wp-block-column is-vertically-aligned-center has-foreground-color has-text-color is-layout-flow wp-block-column-is-layout-flow\">\n<p>Beginn: 19.30 Uhr<br>Obere Stube, Oberstadt 7<br>CH-8260 Stein am Rhein<\/p>\n<\/div>\n<\/div>\n\n\n\n<hr class=\"wp-block-separator has-text-color has-foreground-color has-alpha-channel-opacity has-foreground-background-color has-background alignwide is-style-wide\"\/>\n\n\n\n<div class=\"wp-block-columns alignwide are-vertically-aligned-center is-layout-flex wp-container-core-columns-is-layout-28f84493 wp-block-columns-is-layout-flex\">\n<div class=\"wp-block-column is-vertically-aligned-center has-foreground-color has-text-color is-layout-flow wp-block-column-is-layout-flow\" style=\"flex-basis:210px\">\n<p class=\"has-link-color wp-elements-570474e9b108c216e71a51fc04b77dbd\"><a href=\"https:\/\/www.therese-music.ch\/index.php\/past-concerts\/\" data-type=\"page\" data-id=\"113\">Past Concerts<\/a><\/p>\n<\/div>\n\n\n\n<div class=\"wp-block-column is-vertically-aligned-center has-foreground-color has-text-color is-layout-flow wp-block-column-is-layout-flow\">\n<h2 class=\"wp-block-heading has-x-large-font-size\" id=\"jesus-rodriguez\"><\/h2>\n<\/div>\n\n\n\n<div class=\"wp-block-column is-vertically-aligned-center has-foreground-color has-text-color is-layout-flow wp-block-column-is-layout-flow\">\n<p><\/p>\n<\/div>\n<\/div>\n<\/div>\n<\/div>\n<\/div>\n<\/div>\n\n\n\n<p class=\"has-background-background-color has-background\"><\/p>\n\n\n\n<h2 class=\"wp-block-heading alignwide\" id=\"contact\"><strong>Contact<\/strong><\/h2>\n\n\n\n<div class=\"wp-block-columns alignwide is-layout-flex wp-container-core-columns-is-layout-28f84493 wp-block-columns-is-layout-flex\">\n<div class=\"wp-block-column is-layout-flow wp-block-column-is-layout-flow\">\n<p>Kontaktieren Sie uns gerne per <a rel=\"noreferrer noopener\" href=\"mailto:therese-music@outlook.com\" data-type=\"mailto\" data-id=\"mailto:thereselechattrio@gmail.com\" target=\"_blank\">Mail<\/a> oder finden Sie uns auf <a rel=\"noreferrer noopener\" href=\"https:\/\/therese-music.bandcamp.com\/\" data-type=\"URL\" data-id=\"https:\/\/therese-music.bandcamp.com\/\" target=\"_blank\">bandcamp<\/a>, <a href=\"https:\/\/www.facebook.com\/thereseband\" data-type=\"URL\" data-id=\"https:\/\/www.facebook.com\/thereseband\" target=\"_blank\" rel=\"noreferrer noopener\">facebook<\/a> oder <a rel=\"noreferrer noopener\" href=\"https:\/\/mx3.ch\/therese\" data-type=\"URL\" data-id=\"https:\/\/mx3.ch\/therese\" target=\"_blank\">mx3<\/a>. <br>Contactez-nous par <a rel=\"noreferrer noopener\" href=\"mailto:therese-music@outlook.com\" target=\"_blank\">mail<\/a> ou trouvez-nous sur <a rel=\"noreferrer noopener\" href=\"https:\/\/therese-music.bandcamp.com\/\" data-type=\"URL\" data-id=\"https:\/\/therese-music.bandcamp.com\/\" target=\"_blank\">bandcamp<\/a>, <a href=\"https:\/\/www.facebook.com\/thereseband\" data-type=\"URL\" data-id=\"https:\/\/www.facebook.com\/thereseband\" target=\"_blank\" rel=\"noreferrer noopener\">facebook<\/a> ou <a rel=\"noreferrer noopener\" href=\"https:\/\/mx3.ch\/therese\" data-type=\"URL\" data-id=\"https:\/\/mx3.ch\/therese\" target=\"_blank\">mx3<\/a>.<\/p>\n\n\n\n<ul class=\"wp-block-social-links has-visible-labels is-style-default is-horizontal is-layout-flex wp-block-social-links-is-layout-flex\"><li class=\"wp-social-link wp-social-link-mail  wp-block-social-link\"><a rel=\"noopener nofollow\" target=\"_blank\" href=\"mailto:&#116;&#104;&#101;&#114;ese&#045;&#109;&#117;&#115;&#105;c&#064;out&#108;o&#111;&#107;&#046;com\" class=\"wp-block-social-link-anchor\"><svg width=\"24\" height=\"24\" viewBox=\"0 0 24 24\" version=\"1.1\" xmlns=\"http:\/\/www.w3.org\/2000\/svg\" aria-hidden=\"true\" focusable=\"false\"><path d=\"M19,5H5c-1.1,0-2,.9-2,2v10c0,1.1.9,2,2,2h14c1.1,0,2-.9,2-2V7c0-1.1-.9-2-2-2zm.5,12c0,.3-.2.5-.5.5H5c-.3,0-.5-.2-.5-.5V9.8l7.5,5.6,7.5-5.6V17zm0-9.1L12,13.6,4.5,7.9V7c0-.3.2-.5.5-.5h14c.3,0,.5.2.5.5v.9z\"><\/path><\/svg><span class=\"wp-block-social-link-label\">Mail<\/span><\/a><\/li>\n\n<li class=\"wp-social-link wp-social-link-bandcamp  wp-block-social-link\"><a rel=\"noopener nofollow\" target=\"_blank\" href=\"https:\/\/therese-music.bandcamp.com\" class=\"wp-block-social-link-anchor\"><svg width=\"24\" height=\"24\" viewBox=\"0 0 24 24\" version=\"1.1\" xmlns=\"http:\/\/www.w3.org\/2000\/svg\" aria-hidden=\"true\" focusable=\"false\"><path d=\"M15.27 17.289 3 17.289 8.73 6.711 21 6.711 15.27 17.289\"><\/path><\/svg><span class=\"wp-block-social-link-label\">Bandcamp<\/span><\/a><\/li>\n\n<li class=\"wp-social-link wp-social-link-facebook  wp-block-social-link\"><a rel=\"noopener nofollow\" target=\"_blank\" href=\"https:\/\/www.facebook.com\/thereseband\" class=\"wp-block-social-link-anchor\"><svg width=\"24\" height=\"24\" viewBox=\"0 0 24 24\" version=\"1.1\" xmlns=\"http:\/\/www.w3.org\/2000\/svg\" aria-hidden=\"true\" focusable=\"false\"><path d=\"M12 2C6.5 2 2 6.5 2 12c0 5 3.7 9.1 8.4 9.9v-7H7.9V12h2.5V9.8c0-2.5 1.5-3.9 3.8-3.9 1.1 0 2.2.2 2.2.2v2.5h-1.3c-1.2 0-1.6.8-1.6 1.6V12h2.8l-.4 2.9h-2.3v7C18.3 21.1 22 17 22 12c0-5.5-4.5-10-10-10z\"><\/path><\/svg><span class=\"wp-block-social-link-label\">Facebook<\/span><\/a><\/li><\/ul>\n<\/div>\n<\/div>\n","protected":false},"excerpt":{"rendered":"<p>.. \u00abLuftschiff\u00bb out now! Tres heureux d&#8217;annoncer que notre album Luftschiff est sortie! Il est maintenant disponible en ligne et en CD! Un voyage \u00e0 travers l\u2019espace. On flotte dans les airs, on voit les paysages d\u2019en-haut. Les histoires se racontent au gr\u00e9 des vents. Temp\u00eates inattendues. En bord de rivi\u00e8re, la for\u00eat cr\u00e9e des [&hellip;]<\/p>\n","protected":false},"author":1,"featured_media":222,"parent":0,"menu_order":0,"comment_status":"closed","ping_status":"closed","template":"startseite","meta":{"footnotes":""},"class_list":["post-119","page","type-page","status-publish","has-post-thumbnail","hentry"],"_links":{"self":[{"href":"https:\/\/www.therese-music.ch\/index.php\/wp-json\/wp\/v2\/pages\/119","targetHints":{"allow":["GET"]}}],"collection":[{"href":"https:\/\/www.therese-music.ch\/index.php\/wp-json\/wp\/v2\/pages"}],"about":[{"href":"https:\/\/www.therese-music.ch\/index.php\/wp-json\/wp\/v2\/types\/page"}],"author":[{"embeddable":true,"href":"https:\/\/www.therese-music.ch\/index.php\/wp-json\/wp\/v2\/users\/1"}],"replies":[{"embeddable":true,"href":"https:\/\/www.therese-music.ch\/index.php\/wp-json\/wp\/v2\/comments?post=119"}],"version-history":[{"count":1,"href":"https:\/\/www.therese-music.ch\/index.php\/wp-json\/wp\/v2\/pages\/119\/revisions"}],"predecessor-version":[{"id":292,"href":"https:\/\/www.therese-music.ch\/index.php\/wp-json\/wp\/v2\/pages\/119\/revisions\/292"}],"wp:featuredmedia":[{"embeddable":true,"href":"https:\/\/www.therese-music.ch\/index.php\/wp-json\/wp\/v2\/media\/222"}],"wp:attachment":[{"href":"https:\/\/www.therese-music.ch\/index.php\/wp-json\/wp\/v2\/media?parent=119"}],"curies":[{"name":"wp","href":"https:\/\/api.w.org\/{rel}","templated":true}]}}